{"id":806,"date":"2017-08-10T18:23:58","date_gmt":"2017-08-10T16:23:58","guid":{"rendered":"https:\/\/www.benbuchele.de\/ueber-ben-buchele\/"},"modified":"2025-05-23T08:28:30","modified_gmt":"2025-05-23T06:28:30","slug":"about-ben-buchele","status":"publish","type":"page","link":"https:\/\/www.benbuchele.de\/en\/about-ben-buchele\/","title":{"rendered":"About Ben Buchele"},"content":{"rendered":"<div id=\"cs-content\" class=\"cs-content\"><div id=\"x-section-1\" class=\"x-section\" style=\"margin: 0px;padding: 3% 0px; background-color: transparent;\" ><div id=\"\" class=\"x-container max width\" style=\"margin: 0px auto;padding: 0px;\" ><div  class=\"x-column x-sm x-1-1\" style=\"padding: 0px;\" ><h2  class=\"h-custom-headline mtn mbm h3\" style=\"text-transform: uppercase;\"><span>ben buchele elektromotorenwerke gmbh<\/span><\/h2><\/div><\/div><div id=\"\" class=\"x-container max width\" style=\"margin: 0px auto;padding: 0px;\" ><div  class=\"x-column x-sm x-1-1\" style=\"padding: 0px;\" ><div class=\"x-text x-text-headline e806-e7 mme-0 mme-1\"><div class=\"x-text-content\"><div class=\"x-text-content-text\"><h2 class=\"x-text-content-text-primary\">About us<\/h2>\n<\/div><\/div><\/div><div class=\"x-text x-content e806-e8 mme-3 mme-4\"><div style=\"width: 410px\" class=\"wp-caption alignleft\"><img decoding=\"async\" src=\"https:\/\/www.benbuchele.de\/wp-content\/uploads\/2017\/09\/ben-buchele-geschaeftsfuehrer-hans-peter-schwegler.jpg\" alt=\"Text\"><p class=\"wp-caption-text\">Managing director  Hans-Peter Schwegler<\/p><\/div><p>BEN Buchele has been working since 1931 with electric drive technology to meet industrial requirements. Nowadays, run by the third generation of the family who founded the company, we manufacture electric low-voltage machines based on custom and special designs for a variety of industries.<\/p>\n\n<p>Our production currently includes motors in a power range from 0.25 up to 1,300 kW (based on the statistically common standard speed). In addition to our own products, we also sell electrical equipment and accessories for specific applications. We are continually developing our motor technology in order to enhance and improve quality, performance and possible applications. To help us do this, we closely monitor the basic research published in the field so that we can provide our customers with advanced technology. Equipped with the knowledge obtained from this, we carry out further development work to meet our customers\u2019 individual requirements. Thanks to the ongoing improvements made in our products, our \u201cMade in Nuremberg\u201d motor technology is now used around the world every day. <\/p>\n\n<p>What can you expect from BEN Buchele? A custom-built solution which guarantees you vital added value in elation\nto standard industrial products.<\/p><\/div><\/div><\/div><\/div><div class=\"x-section e806-e9 mme-6\"><div class=\"x-bg\"><div class=\"x-bg-layer-lower-img\" data-x-element-bg-layer=\"{&quot;parallaxSize&quot;:&quot;170%&quot;,&quot;parallaxDir&quot;:&quot;v&quot;,&quot;parallaxRev&quot;:false}\"><img decoding=\"async\" src=\"https:\/\/www.benbuchele.de\/wp-content\/uploads\/2017\/09\/ben-buchele-hof.jpg\" alt=\"BEN Buchele Hof\"\/><\/div><\/div><\/div><div id=\"x-section-2\" class=\"x-section\" style=\"margin: 0px;padding: 40px 0px 0px;border-style: solid;border-width: 5px 0px 0px;border-color: hsl(12, 100%, 50%); background-color: hsl(0, 0%, 87%);\" ><div id=\"\" class=\"x-container cs-ta-left max width\" style=\"margin: 0px auto;padding: 0px 0px 10px;\" ><div  class=\"x-column x-sm cs-ta-center x-1-1\" style=\"padding: 0px;\" ><div class=\"x-text x-text-headline e806-e13 mme-1 mme-2\"><div class=\"x-text-content\"><div class=\"x-text-content-text\"><h2 class=\"x-text-content-text-primary\">History<\/h2>\n<\/div><\/div><\/div><\/div><\/div><div id=\"\" class=\"x-container max width\" style=\"margin: 0px auto;padding: 0px 0px 30px;\" ><div  class=\"x-column x-sm cs-ta-center x-1-6\" style=\"padding: 0px;\" ><span class=\"x-image e806-e16 mme-7\"><img decoding=\"async\" src=\"https:\/\/www.benbuchele.de\/wp-content\/uploads\/2021\/03\/BEN_Historie_Motor_Icon_2020_present.png\" width=\"140\" height=\"140\" alt=\"2020 - present\"><\/span><\/div><div  class=\"x-column x-sm x-5-6\" style=\"padding: 0px;\" ><div class=\"x-text x-content e806-e18 mme-3 mme-5\"><p style=\"margin-bottom: 10px;\">We achieve approval of our dKD series for the flameproof area (Ex motors), revise our series for internally ventilated machines (protection class IP23) and expand the water-cooled motor division.<\/p>\n<p style=\"margin-bottom: 10px;\">We also expand our activities in the field of research and development by increasing the workforce by another three people, as well as in the field of marketing through publications in various specialist magazines.<\/p>\n<p>In 2023 Benjamin Schwegler, the company founder\u2019s great-grandson, joined the company to provide support to the executive board.<\/p><\/div><\/div><\/div><div id=\"\" class=\"x-container max width\" style=\"margin: 0px auto;padding: 0px 0px 30px;\" ><div  class=\"x-column x-sm cs-ta-center x-1-6\" style=\"padding: 0px;\" ><span class=\"x-image e806-e21 mme-7\"><img decoding=\"async\" src=\"https:\/\/www.benbuchele.de\/wp-content\/uploads\/2021\/03\/BEN_Historie_Motor_Icon_2010_2019.png\" width=\"140\" height=\"140\" alt=\"2010-2019\"><\/span><\/div><div  class=\"x-column x-sm x-5-6\" style=\"padding: 0px;\" ><div class=\"x-text x-content e806-e23 mme-3 mme-5\"><p style=\"margin-bottom:10px;\">The growing demand for frequency controlled motors and the modifications required to fulfill the energy efficiency rules reflect the volatility of the market. However, BEN Buchele is prepared to meet these requirements. Our new state-of-the-art test station which gives extensive test options is about to start operation beginning of 2017.<\/p> <p style=\"margin-bottom:10px;\">BEN Buchele is also in a good position to face the future. Our company currently enjoys a strong reputation among many customers in Germany and abroad and is regarded as an expert partner for a variety of drive solutions.<\/div><\/div><\/div><div id=\"\" class=\"x-container max width\" style=\"margin: 0px auto;padding: 0px 0px 30px;\" ><div  class=\"x-column x-sm cs-ta-center x-1-6\" style=\"padding: 0px;\" ><span class=\"x-image e806-e26 mme-7\"><img decoding=\"async\" src=\"https:\/\/www.benbuchele.de\/wp-content\/uploads\/2017\/08\/icon-2000-2009.png\" width=\"140\" height=\"140\" alt=\"Image\"><\/span><\/div><div  class=\"x-column x-sm x-5-6\" style=\"padding: 0px;\" ><div class=\"x-text x-content e806-e28 mme-3 mme-5\">Not long before the start of the new millennium, the 355 and 400 frame sizes were added to the motor range, which meant that outputs of up to 1,300 kW could now be achieved (depending on the protection category, operation mode and rotational speed). BEN Buchele developed a new motor concept for underwater operation, which also had an innovative plug connection system.<\/div><\/div><\/div><div id=\"\" class=\"x-container max width\" style=\"margin: 0px auto;padding: 0px 0px 30px;\" ><div  class=\"x-column x-sm cs-ta-center x-1-6\" style=\"padding: 0px;\" ><span class=\"x-image e806-e31 mme-7\"><img decoding=\"async\" src=\"https:\/\/www.benbuchele.de\/wp-content\/uploads\/2017\/08\/icon-1990-1999.png\" width=\"140\" height=\"140\" alt=\"Image\"><\/span><\/div><div  class=\"x-column x-sm x-5-6\" style=\"padding: 0px;\" ><div class=\"x-text x-content e806-e33 mme-3 mme-5\">In the 2000s the development of custom motors for platform hoisting equipment on oil and gas drilling platforms successfully ensured a strong entry into the offshore sector. Several drilling platforms a year were equipped with motor technology from Nuremberg. After working for the company for many decades, Bert Schwegler left the executive board in 2003, but remained as an adviser to the company.<\/div><\/div><\/div><div id=\"\" class=\"x-container max width\" style=\"margin: 0px auto;padding: 0px 0px 30px;\" ><div  class=\"x-column x-sm cs-ta-center x-1-6\" style=\"padding: 0px;\" ><span class=\"x-image e806-e36 mme-7\"><img decoding=\"async\" src=\"https:\/\/www.benbuchele.de\/wp-content\/uploads\/2017\/08\/icon-1980-1989.png\" width=\"140\" height=\"140\" alt=\"Image\"><\/span><\/div><div  class=\"x-column x-sm x-5-6\" style=\"padding: 0px;\" ><div class=\"x-text x-content e806-e38 mme-3 mme-5\"><p style=\"margin-bottom:10px;\">The company\u2019s founder and his wife retired from the executive board. Monika Schwegler-Buchele and Bert Schwegler assumed complete responsibility for running the company.<\/p> <p style=\"margin-bottom:10px;\">In 1985 the repairs department, which had been an integral part of the company until then, became an independent company, run under the name of Buchele Elektrotechnik GmbH.<\/p><p style=\"margin-bottom:10px;\">In 1988 a further milestone was reached: the 750,000th motor left the factory.<\/p> <p style=\"margin-bottom:10px;\">In 1989 Hans-Peter Schwegler, the company founder\u2019s grandson, joined the company to provide support to the executive board.<\/div><\/div><\/div><div id=\"\" class=\"x-container max width\" style=\"margin: 0px auto;padding: 0px 0px 30px;\" ><div  class=\"x-column x-sm cs-ta-center x-1-6\" style=\"padding: 0px;\" ><span class=\"x-image e806-e41 mme-7\"><img decoding=\"async\" src=\"https:\/\/www.benbuchele.de\/wp-content\/uploads\/2017\/08\/icon-1970-1979.png\" width=\"140\" height=\"140\" alt=\"Image\"><\/span><\/div><div  class=\"x-column x-sm x-5-6\" style=\"padding: 0px;\" ><div class=\"x-text x-content e806-e43 mme-3 mme-5\"><p style=\"margin-bottom:10px;\">There was cause for great joy in the summer of 1970 as the company celebrated the manufacture of its 500,000th motor.<\/p> <p style=\"margin-bottom:10px;\">And the company continued to grow. The manufacture of custom-design motors for the shipbuilding sector began to make further advances thanks to the sales activities of the Hamburg office. The same was true for the production of slip-ring rotor motors for lifting machinery and of ship motors to be installed on the upper and lower decks \u2013 all of which made it necessary for the company\u2019s site to be expanded.<\/p><\/div><\/div><\/div><div id=\"\" class=\"x-container max width\" style=\"margin: 0px auto;padding: 0px;\" ><\/div><\/div><div class=\"x-section e806-e45 mme-6\"><div class=\"x-bg\"><div class=\"x-bg-layer-lower-img\" data-x-element-bg-layer=\"{&quot;parallaxSize&quot;:&quot;170%&quot;,&quot;parallaxDir&quot;:&quot;v&quot;,&quot;parallaxRev&quot;:false}\"><img decoding=\"async\" src=\"https:\/\/www.benbuchele.de\/wp-content\/uploads\/2017\/09\/ben-buchele-innenhof-neuer.jpg\" alt=\"BEN Buchele Historisch\"\/><\/div><\/div><\/div><div id=\"x-section-3\" class=\"x-section\" style=\"margin: 0px;padding: 40px 0px 0px;border-style: solid;border-width: 5px 0px 0px;border-color: hsl(12, 100%, 50%); background-color: hsl(0, 0%, 87%);\" ><div id=\"\" class=\"x-container max width\" style=\"margin: 0px auto;padding: 0px 0px 30px;\" ><div  class=\"x-column x-sm cs-ta-center x-1-6\" style=\"padding: 0px;\" ><span class=\"x-image e806-e49 mme-7\"><img decoding=\"async\" src=\"https:\/\/www.benbuchele.de\/wp-content\/uploads\/2017\/08\/icon-1960-1969.png\" width=\"140\" height=\"140\" alt=\"Image\"><\/span><\/div><div  class=\"x-column x-sm x-5-6\" style=\"padding: 0px;\" ><div class=\"x-text x-content e806-e51 mme-3 mme-5\"><p style=\"margin-bottom:10px;\">In 1961 another major task was achieved: the renovation work on the old factory building was completed.<\/p> <p style=\"margin-bottom:10px;\">This was also a period of continuing technological development. The BD series jacket-cooled motors gradually made way by 1962 for the KD series surface-cooled motors. This was accompanied by the expansion of the frame size range under IEC and DIN standards to size 315. In 1965 outputs of 200 kW (based on 1,500 l\/min.) were reached.<\/p> <p style=\"margin-bottom:10px;\">The first motors were delivered for use on board ships.<\/p> <p style=\"margin-bottom:10px;\">1965 also saw the founding of BEN Buchele Elektromotorenwerke GmbH, which took over the manufacture and sale of motors and switchgear, as well as the staff from the limited partnership company. B.E.N. Hans Buchele KG continued to operate, with its job being to manage and lease economic assets and property to BEN Buchele Elektromotorenwerke GmbH. <\/p> <p style=\"margin-bottom:10px;\">In 1968 Monika Schwegler-Buchele, the founder\u2019s daughter, joined the company to provide support in running the business.<\/div><\/div><\/div><div id=\"\" class=\"x-container max width\" style=\"margin: 0px auto;padding: 0px 0px 30px;\" ><div  class=\"x-column x-sm cs-ta-center x-1-6\" style=\"padding: 0px;\" ><span class=\"x-image e806-e54 mme-7\"><img decoding=\"async\" src=\"https:\/\/www.benbuchele.de\/wp-content\/uploads\/2017\/08\/icon-1950-1959.png\" width=\"140\" height=\"140\" alt=\"Image\"><\/span><\/div><div  class=\"x-column x-sm x-5-6\" style=\"padding: 0px;\" ><div class=\"x-text x-content e806-e56 mme-3 mme-5\"><p style=\"margin-bottom:10px;\">The company purchased the premises which are still used to day in Poppenreuther Stra\u00dfe, Nuremberg. In 1952 Hans Buchele\u2019s one-man firm became B.E.N. Hans Buchele Limited Partnership.<\/p> <p style=\"margin-bottom:10px;\">The reconstruction going on in West Germany and the start of export activities boosted the expansion of the production range where the focus was on low-noise and pole-change motors for fan drives. <\/p> <p style=\"margin-bottom:10px;\">Agencies in Germany and abroad expanded the sales areas. <\/p> <p style=\"margin-bottom:10px;\">In 1956 Hans Buchele\u2019s son-in-law Bert Schwegler joined the company to provide him with support in running the business.<\/p> <p style=\"margin-bottom:10px;\">From 1959 the standardisation of three-phase motors required the development of new motor ranges.<\/div><\/div><\/div><div id=\"\" class=\"x-container max width\" style=\"margin: 0px auto;padding: 0px 0px 30px;\" ><div  class=\"x-column x-sm cs-ta-center x-1-6\" style=\"padding: 0px;\" ><span class=\"x-image e806-e59 mme-7\"><img decoding=\"async\" src=\"https:\/\/www.benbuchele.de\/wp-content\/uploads\/2017\/08\/icon-1940-1949.png\" width=\"140\" height=\"140\" alt=\"Image\"><\/span><\/div><div  class=\"x-column x-sm x-5-6\" style=\"padding: 0px;\" ><div class=\"x-text x-content e806-e61 mme-3 mme-5\">Immediately at the end of the war, the company\u2019s founders went their separate ways, with the company\u2019s name changing to \u201cHans Buchele Elektromotorenwerk N\u00fcrnberg\u201d. In the early years after the war, repair works formed the basis for the company\u2019s relaunch. This period also coincided with the remaining DC networks permanently switching to three-phase current, which increased the demand for many three-phase and AC motors. Production expanded to include DC motors, single-phase AC motors and three-phase motors with squirrel-cage and slip-ring rotors, with outputs of up to 10 kW (at 1,500 l\/min.), as well as push-buttons and three-phase air-break contactors.<\/div><\/div><\/div><div id=\"\" class=\"x-container max width\" style=\"margin: 0px auto;padding: 0px 0px 30px;\" ><div  class=\"x-column x-sm cs-ta-center x-1-6\" style=\"padding: 0px;\" ><span class=\"x-image e806-e64 mme-7\"><img decoding=\"async\" src=\"https:\/\/www.benbuchele.de\/wp-content\/uploads\/2017\/08\/icon-1931-1939.png\" width=\"140\" height=\"140\" alt=\"Image\"><\/span><\/div><div  class=\"x-column x-sm x-5-6\" style=\"padding: 0px;\" ><div class=\"x-text x-content e806-e66 mme-3 mme-5\"><p style=\"margin-bottom:10px;\">In 1931 Hans Buchele and Josef Edelmann founded a workshop in Nuremberg, under the name \u201cBuchele & Edelmann\u201d, for repairing electric machines and appliances, along with an electrical wholesaler. Three years later the company began manufacturing DC, three-phase and AC electric motors.<\/p><p style=\"margin-bottom:10px;\">In 1939 a branch factory was opened in Moosbach near Feucht, Germany. <\/p><p style=\"margin-bottom:10px;\">Since the company was founded, Grete Buchele worked alongside her husband, in charge of the accounts.<\/p><p style=\"margin-bottom:10px;\">During the Second World War, the company was obliged to supply specially designed DC motors and generators for submarines. <\/p><\/div><\/div><\/div><div id=\"\" class=\"x-container max width\" style=\"margin: 0px auto;padding: 0px;\" ><\/div><div id=\"\" class=\"x-container max width\" style=\"margin: 0px auto;padding: 0px;\" ><\/div><\/div><\/div>","protected":false},"excerpt":{"rendered":"<p>ben buchele elektromotorenwerke gmbhAbout us Managing director Hans-Peter SchweglerBEN Buchele has been working since 1931 with electric drive technology to meet industrial requirements. Nowadays, run by the third generation of the family who founded the company, we manufacture electric low-voltage machines based on custom and special designs for a variety of industries. Our production currently includes motors in a power &#8230; <a href=\"https:\/\/www.benbuchele.de\/en\/about-ben-buchele\/\" class=\"more-link\">Read More<\/a><\/p>\n","protected":false},"author":1,"featured_media":0,"parent":0,"menu_order":0,"comment_status":"closed","ping_status":"closed","template":"template-blank-4.php","meta":{"_acf_changed":false,"footnotes":""},"class_list":["post-806","page","type-page","status-publish","hentry","no-post-thumbnail"],"acf":[],"yoast_head":"<!-- This site is optimized with the Yoast SEO plugin v27.2 - https:\/\/yoast.com\/product\/yoast-seo-wordpress\/ -->\n<title>About BEN Buchele - BEN Buchele<\/title>\n<meta name=\"description\" content=\"Was Sie bei BEN Buchele erwarten d\u00fcrfen: eine ma\u00dfgeschneiderte L\u00f6sung, die Ihnen einen essenziellen Mehrwert garantiert und das seit 1931.\" \/>\n<meta name=\"robots\" content=\"index, follow, max-snippet:-1, max-image-preview:large, max-video-preview:-1\" \/>\n<link rel=\"canonical\" href=\"https:\/\/www.benbuchele.de\/en\/about-ben-buchele\/\" \/>\n<meta property=\"og:locale\" content=\"en_US\" \/>\n<meta property=\"og:type\" content=\"article\" \/>\n<meta property=\"og:title\" content=\"About BEN Buchele - BEN Buchele\" \/>\n<meta property=\"og:description\" content=\"Was Sie bei BEN Buchele erwarten d\u00fcrfen: eine ma\u00dfgeschneiderte L\u00f6sung, die Ihnen einen essenziellen Mehrwert garantiert und das seit 1931.\" \/>\n<meta property=\"og:url\" content=\"https:\/\/www.benbuchele.de\/en\/about-ben-buchele\/\" \/>\n<meta property=\"og:site_name\" content=\"BEN Buchele\" \/>\n<meta property=\"article:publisher\" content=\"https:\/\/www.facebook.com\/benbuchele\/\" \/>\n<meta property=\"article:modified_time\" content=\"2025-05-23T06:28:30+00:00\" \/>\n<meta property=\"og:image\" content=\"https:\/\/www.benbuchele.de\/wp-content\/uploads\/2017\/09\/ben-buchele-geschaeftsfuehrer-hans-peter-schwegler.jpg\" \/>\n<meta name=\"twitter:card\" content=\"summary_large_image\" \/>\n<meta name=\"twitter:label1\" content=\"Est. reading time\" \/>\n\t<meta name=\"twitter:data1\" content=\"5 minutes\" \/>\n<script type=\"application\/ld+json\" class=\"yoast-schema-graph\">{\"@context\":\"https:\/\/schema.org\",\"@graph\":[{\"@type\":\"WebPage\",\"@id\":\"https:\/\/www.benbuchele.de\/en\/about-ben-buchele\/\",\"url\":\"https:\/\/www.benbuchele.de\/en\/about-ben-buchele\/\",\"name\":\"About BEN Buchele - BEN Buchele\",\"isPartOf\":{\"@id\":\"https:\/\/www.benbuchele.de\/en\/#website\"},\"primaryImageOfPage\":{\"@id\":\"https:\/\/www.benbuchele.de\/en\/about-ben-buchele\/#primaryimage\"},\"image\":{\"@id\":\"https:\/\/www.benbuchele.de\/en\/about-ben-buchele\/#primaryimage\"},\"thumbnailUrl\":\"https:\/\/www.benbuchele.de\/wp-content\/uploads\/2017\/09\/ben-buchele-geschaeftsfuehrer-hans-peter-schwegler.jpg\",\"datePublished\":\"2017-08-10T16:23:58+00:00\",\"dateModified\":\"2025-05-23T06:28:30+00:00\",\"description\":\"Was Sie bei BEN Buchele erwarten d\u00fcrfen: eine ma\u00dfgeschneiderte L\u00f6sung, die Ihnen einen essenziellen Mehrwert garantiert und das seit 1931.\",\"breadcrumb\":{\"@id\":\"https:\/\/www.benbuchele.de\/en\/about-ben-buchele\/#breadcrumb\"},\"inLanguage\":\"en-US\",\"potentialAction\":[{\"@type\":\"ReadAction\",\"target\":[\"https:\/\/www.benbuchele.de\/en\/about-ben-buchele\/\"]}]},{\"@type\":\"ImageObject\",\"inLanguage\":\"en-US\",\"@id\":\"https:\/\/www.benbuchele.de\/en\/about-ben-buchele\/#primaryimage\",\"url\":\"https:\/\/www.benbuchele.de\/wp-content\/uploads\/2017\/09\/ben-buchele-geschaeftsfuehrer-hans-peter-schwegler.jpg\",\"contentUrl\":\"https:\/\/www.benbuchele.de\/wp-content\/uploads\/2017\/09\/ben-buchele-geschaeftsfuehrer-hans-peter-schwegler.jpg\"},{\"@type\":\"BreadcrumbList\",\"@id\":\"https:\/\/www.benbuchele.de\/en\/about-ben-buchele\/#breadcrumb\",\"itemListElement\":[{\"@type\":\"ListItem\",\"position\":1,\"name\":\"Startseite\",\"item\":\"https:\/\/www.benbuchele.de\/en\/welcome-ben-buchele\/\"},{\"@type\":\"ListItem\",\"position\":2,\"name\":\"About Ben Buchele\"}]},{\"@type\":\"WebSite\",\"@id\":\"https:\/\/www.benbuchele.de\/en\/#website\",\"url\":\"https:\/\/www.benbuchele.de\/en\/\",\"name\":\"BEN Buchele\",\"description\":\"\",\"publisher\":{\"@id\":\"https:\/\/www.benbuchele.de\/en\/#organization\"},\"potentialAction\":[{\"@type\":\"SearchAction\",\"target\":{\"@type\":\"EntryPoint\",\"urlTemplate\":\"https:\/\/www.benbuchele.de\/en\/?s={search_term_string}\"},\"query-input\":{\"@type\":\"PropertyValueSpecification\",\"valueRequired\":true,\"valueName\":\"search_term_string\"}}],\"inLanguage\":\"en-US\"},{\"@type\":\"Organization\",\"@id\":\"https:\/\/www.benbuchele.de\/en\/#organization\",\"name\":\"BEN Buchele\",\"url\":\"https:\/\/www.benbuchele.de\/en\/\",\"logo\":{\"@type\":\"ImageObject\",\"inLanguage\":\"en-US\",\"@id\":\"https:\/\/www.benbuchele.de\/en\/#\/schema\/logo\/image\/\",\"url\":\"https:\/\/www.benbuchele.de\/wp-content\/uploads\/2018\/06\/BEN-Logo-1.jpg\",\"contentUrl\":\"https:\/\/www.benbuchele.de\/wp-content\/uploads\/2018\/06\/BEN-Logo-1.jpg\",\"width\":939,\"height\":415,\"caption\":\"BEN Buchele\"},\"image\":{\"@id\":\"https:\/\/www.benbuchele.de\/en\/#\/schema\/logo\/image\/\"},\"sameAs\":[\"https:\/\/www.facebook.com\/benbuchele\/\",\"https:\/\/de.linkedin.com\/company\/ben-buchele-elektromotorenwerke-gmbh\"]}]}<\/script>\n<!-- \/ Yoast SEO plugin. -->","yoast_head_json":{"title":"About BEN Buchele - BEN Buchele","description":"Was Sie bei BEN Buchele erwarten d\u00fcrfen: eine ma\u00dfgeschneiderte L\u00f6sung, die Ihnen einen essenziellen Mehrwert garantiert und das seit 1931.","robots":{"index":"index","follow":"follow","max-snippet":"max-snippet:-1","max-image-preview":"max-image-preview:large","max-video-preview":"max-video-preview:-1"},"canonical":"https:\/\/www.benbuchele.de\/en\/about-ben-buchele\/","og_locale":"en_US","og_type":"article","og_title":"About BEN Buchele - BEN Buchele","og_description":"Was Sie bei BEN Buchele erwarten d\u00fcrfen: eine ma\u00dfgeschneiderte L\u00f6sung, die Ihnen einen essenziellen Mehrwert garantiert und das seit 1931.","og_url":"https:\/\/www.benbuchele.de\/en\/about-ben-buchele\/","og_site_name":"BEN Buchele","article_publisher":"https:\/\/www.facebook.com\/benbuchele\/","article_modified_time":"2025-05-23T06:28:30+00:00","og_image":[{"url":"https:\/\/www.benbuchele.de\/wp-content\/uploads\/2017\/09\/ben-buchele-geschaeftsfuehrer-hans-peter-schwegler.jpg","type":"","width":"","height":""}],"twitter_card":"summary_large_image","twitter_misc":{"Est. reading time":"5 minutes"},"schema":{"@context":"https:\/\/schema.org","@graph":[{"@type":"WebPage","@id":"https:\/\/www.benbuchele.de\/en\/about-ben-buchele\/","url":"https:\/\/www.benbuchele.de\/en\/about-ben-buchele\/","name":"About BEN Buchele - BEN Buchele","isPartOf":{"@id":"https:\/\/www.benbuchele.de\/en\/#website"},"primaryImageOfPage":{"@id":"https:\/\/www.benbuchele.de\/en\/about-ben-buchele\/#primaryimage"},"image":{"@id":"https:\/\/www.benbuchele.de\/en\/about-ben-buchele\/#primaryimage"},"thumbnailUrl":"https:\/\/www.benbuchele.de\/wp-content\/uploads\/2017\/09\/ben-buchele-geschaeftsfuehrer-hans-peter-schwegler.jpg","datePublished":"2017-08-10T16:23:58+00:00","dateModified":"2025-05-23T06:28:30+00:00","description":"Was Sie bei BEN Buchele erwarten d\u00fcrfen: eine ma\u00dfgeschneiderte L\u00f6sung, die Ihnen einen essenziellen Mehrwert garantiert und das seit 1931.","breadcrumb":{"@id":"https:\/\/www.benbuchele.de\/en\/about-ben-buchele\/#breadcrumb"},"inLanguage":"en-US","potentialAction":[{"@type":"ReadAction","target":["https:\/\/www.benbuchele.de\/en\/about-ben-buchele\/"]}]},{"@type":"ImageObject","inLanguage":"en-US","@id":"https:\/\/www.benbuchele.de\/en\/about-ben-buchele\/#primaryimage","url":"https:\/\/www.benbuchele.de\/wp-content\/uploads\/2017\/09\/ben-buchele-geschaeftsfuehrer-hans-peter-schwegler.jpg","contentUrl":"https:\/\/www.benbuchele.de\/wp-content\/uploads\/2017\/09\/ben-buchele-geschaeftsfuehrer-hans-peter-schwegler.jpg"},{"@type":"BreadcrumbList","@id":"https:\/\/www.benbuchele.de\/en\/about-ben-buchele\/#breadcrumb","itemListElement":[{"@type":"ListItem","position":1,"name":"Startseite","item":"https:\/\/www.benbuchele.de\/en\/welcome-ben-buchele\/"},{"@type":"ListItem","position":2,"name":"About Ben Buchele"}]},{"@type":"WebSite","@id":"https:\/\/www.benbuchele.de\/en\/#website","url":"https:\/\/www.benbuchele.de\/en\/","name":"BEN Buchele","description":"","publisher":{"@id":"https:\/\/www.benbuchele.de\/en\/#organization"},"potentialAction":[{"@type":"SearchAction","target":{"@type":"EntryPoint","urlTemplate":"https:\/\/www.benbuchele.de\/en\/?s={search_term_string}"},"query-input":{"@type":"PropertyValueSpecification","valueRequired":true,"valueName":"search_term_string"}}],"inLanguage":"en-US"},{"@type":"Organization","@id":"https:\/\/www.benbuchele.de\/en\/#organization","name":"BEN Buchele","url":"https:\/\/www.benbuchele.de\/en\/","logo":{"@type":"ImageObject","inLanguage":"en-US","@id":"https:\/\/www.benbuchele.de\/en\/#\/schema\/logo\/image\/","url":"https:\/\/www.benbuchele.de\/wp-content\/uploads\/2018\/06\/BEN-Logo-1.jpg","contentUrl":"https:\/\/www.benbuchele.de\/wp-content\/uploads\/2018\/06\/BEN-Logo-1.jpg","width":939,"height":415,"caption":"BEN Buchele"},"image":{"@id":"https:\/\/www.benbuchele.de\/en\/#\/schema\/logo\/image\/"},"sameAs":["https:\/\/www.facebook.com\/benbuchele\/","https:\/\/de.linkedin.com\/company\/ben-buchele-elektromotorenwerke-gmbh"]}]}},"_links":{"self":[{"href":"https:\/\/www.benbuchele.de\/en\/wp-json\/wp\/v2\/pages\/806","targetHints":{"allow":["GET"]}}],"collection":[{"href":"https:\/\/www.benbuchele.de\/en\/wp-json\/wp\/v2\/pages"}],"about":[{"href":"https:\/\/www.benbuchele.de\/en\/wp-json\/wp\/v2\/types\/page"}],"author":[{"embeddable":true,"href":"https:\/\/www.benbuchele.de\/en\/wp-json\/wp\/v2\/users\/1"}],"replies":[{"embeddable":true,"href":"https:\/\/www.benbuchele.de\/en\/wp-json\/wp\/v2\/comments?post=806"}],"version-history":[{"count":9,"href":"https:\/\/www.benbuchele.de\/en\/wp-json\/wp\/v2\/pages\/806\/revisions"}],"predecessor-version":[{"id":3608,"href":"https:\/\/www.benbuchele.de\/en\/wp-json\/wp\/v2\/pages\/806\/revisions\/3608"}],"wp:attachment":[{"href":"https:\/\/www.benbuchele.de\/en\/wp-json\/wp\/v2\/media?parent=806"}],"curies":[{"name":"wp","href":"https:\/\/api.w.org\/{rel}","templated":true}]}}