{"id":779,"date":"2017-08-11T10:37:56","date_gmt":"2017-08-11T08:37:56","guid":{"rendered":"https:\/\/www.benbuchele.de\/klima-und-lufttechnik\/"},"modified":"2025-03-20T10:18:54","modified_gmt":"2025-03-20T09:18:54","slug":"air-conditioning-and-ventilation-technology","status":"publish","type":"page","link":"https:\/\/www.benbuchele.de\/en\/air-conditioning-and-ventilation-technology\/","title":{"rendered":"Air Conditioning &#038; Ventilation Technology"},"content":{"rendered":"<div id=\"cs-content\" class=\"cs-content\"><div class=\"x-section e779-e1 mln-0 mln-1 mln-2 mln-3\"><div class=\"x-grid e779-e2 mln-8 mln-9 mln-a mln-b\"><div class=\"x-cell e779-e3 mln-h mln-i mln-j mln-k\"><div class=\"x-bg\"><div class=\"x-bg-layer-lower-img\"><img decoding=\"async\" src=\"https:\/\/www.benbuchele.de\/wp-content\/uploads\/2017\/08\/klima-und-lufttechnik-ben-buchele.jpg\" alt=\"Offshore\"\/><\/div><\/div><\/div><div class=\"x-cell e779-e4 mln-h mln-i mln-l mln-m\"><div class=\"x-text x-text-headline e779-e5 mln-n mln-o mln-p mln-q mln-r\"><div class=\"x-text-content\"><div class=\"x-text-content-text\"><h1 class=\"x-text-content-text-primary\">Air Conditioning &#038; Ventilation Technology<\/h1>\n<span class=\"x-text-content-text-subheadline\">From low-noise to increased axial loads &ndash; motors optimized for your application<\/span><\/div><\/div><\/div><div class=\"x-text x-content e779-e6 mln-y\"><p>We are specialized in the production of top-quality greycast iron motors, suitable for tough everyday use in particular environmental conditions, e.g. a reduced-noise design or motors with increased axial loading.<\/p><\/div><\/div><\/div><\/div><div class=\"x-section e779-e7 mln-0 mln-1 mln-3 mln-4 mln-5\"><div class=\"x-grid x-container max width e779-e8 mln-9 mln-c mln-d mln-e\"><div class=\"x-cell e779-e9 mln-h mln-k mln-m\"><div class=\"x-text x-text-headline e779-e10 mln-n mln-p mln-s mln-t mln-u\"><div class=\"x-text-content\"><div class=\"x-text-content-text\"><h2 class=\"x-text-content-text-primary\">Application examples in air conditioning and ventilation technology<\/h2>\n<\/div><\/div><\/div><div class=\"x-text x-content e779-e11 mln-y\"><ul>\n \t<li>axial and radial ventilation for air conditioning units<\/li>\n \t<li>motors mounted directly in airstream<\/li>\n \t<li>motors for power units with big, slowly running ventilators for water cooling and air capacitors<\/li>\n \t<li>Interlayer drying plant<\/li>\n<\/ul><\/div><\/div><\/div><\/div><div class=\"x-section e779-e12 mln-0 mln-3 mln-4 mln-6\"><div class=\"x-grid x-container max width e779-e13 mln-9 mln-b mln-d mln-e mln-f mln-g\"><div class=\"x-cell e779-e14 mln-h mln-k mln-m\"><div class=\"x-text x-text-headline e779-e15 mln-p mln-t mln-u mln-v\"><div class=\"x-text-content\"><div class=\"x-text-content-text\"><h2 class=\"x-text-content-text-primary\">Our motors for Air Conditioning &\nVentilation Technology<\/h2>\n<\/div><\/div><\/div><\/div><\/div><div class=\"x-grid e779-e16 mln-9 mln-a mln-b mln-e mln-f\"><div class=\"x-cell e779-e17 mln-h mln-k mln-m\"><div class=\"cs-content x-global-block x-global-block-2547 e779-e18\"><div class=\"x-section e2547-e1 m1yr-0\"><div class=\"x-grid x-container max width e2547-e2 m1yr-1\"><div class=\"x-cell e2547-e3 m1yr-2 m1yr-3\"><a class=\"x-image e2547-e4 m1yr-4\" href=\"\/en\/surface-cooled-motors\/\"><img decoding=\"async\" src=\"https:\/\/www.benbuchele.de\/wp-content\/uploads\/2017\/08\/motoren-sondermaschinenbau.jpg\" width=\"500\" height=\"369\" alt=\"Image\"><\/a><a href=\"\/en\/surface-cooled-motors\/\" class=\"x-text x-text-headline e2547-e5 m1yr-5 m1yr-6\"><div class=\"x-text-content\"><div class=\"x-text-content-text\"><h2 class=\"x-text-content-text-primary\">Surface cooled motor<\/h2>\n<\/div><\/div><\/a><div class=\"x-text x-content e2547-e6 m1yr-8\"><p>Our surface-cooled motors (IP54 to IP68) impress their durability and robustness based on our high quality demands on us and our products.<\/p><\/div><a class=\"x-anchor x-anchor-button has-graphic e2547-e7 m1yr-9 m1yr-a m1yr-b\" tabindex=\"0\" href=\"\/en\/surface-cooled-motors\/\"><div class=\"x-anchor-content\"><span class=\"x-graphic\" aria-hidden=\"true\"><i class=\"x-icon x-graphic-child x-graphic-icon x-graphic-primary\" aria-hidden=\"true\" data-x-icon-l=\"&#xf101;\"><\/i><\/span><div class=\"x-anchor-text\"><span class=\"x-anchor-text-primary\">more<\/span><\/div><\/div><\/a><\/div><div class=\"x-cell e2547-e8 m1yr-2\"><a class=\"x-image e2547-e9 m1yr-4\" href=\"\/en\/explosion-proof-motors\/\"><img decoding=\"async\" src=\"https:\/\/www.benbuchele.de\/wp-content\/uploads\/2021\/03\/ex-motoren-benbuchele_schwarz_gelb.jpg\" width=\"1080\" height=\"797\" alt=\"EX-Motoren\"><\/a><a href=\"\/en\/explosion-proof-motors\/\" class=\"x-text x-text-headline e2547-e10 m1yr-5 m1yr-6\"><div class=\"x-text-content\"><div class=\"x-text-content-text\"><h2 class=\"x-text-content-text-primary\">Explosion proof motor<\/h2>\n<\/div><\/div><\/a><div class=\"x-text x-content e2547-e11 m1yr-8\"><p>The explosion protected motor with integrated electromagnetic spring-operated brake with up to 3300 Nm braking power is the new flagship product from our production facility in Middle Franconia.<\/p><\/div><a class=\"x-anchor x-anchor-button has-graphic e2547-e12 m1yr-9 m1yr-a m1yr-c\" tabindex=\"0\" href=\"\/en\/explosion-proof-motors\/\"><div class=\"x-anchor-content\"><span class=\"x-graphic\" aria-hidden=\"true\"><i class=\"x-icon x-graphic-child x-graphic-icon x-graphic-primary\" aria-hidden=\"true\" data-x-icon-l=\"&#xf101;\"><\/i><\/span><div class=\"x-anchor-text\"><span class=\"x-anchor-text-primary\">more<\/span><\/div><\/div><\/a><\/div><div class=\"x-cell e2547-e13 m1yr-2 m1yr-3\"><a class=\"x-image e2547-e14 m1yr-4\" href=\"\/en\/watercooled-motors\/\"><img decoding=\"async\" src=\"https:\/\/www.benbuchele.de\/wp-content\/uploads\/2021\/03\/allgemeiner-und-sondermaschinenbau-motor-blau.jpg\" width=\"1080\" height=\"797\" alt=\"Allgemeiner und Sondermaschinenbau\"><\/a><a href=\"\/en\/watercooled-motors\/\" class=\"x-text x-text-headline e2547-e15 m1yr-5 m1yr-7\"><div class=\"x-text-content\"><div class=\"x-text-content-text\"><h2 class=\"x-text-content-text-primary\">Watercooled motor<\/h2>\n<\/div><\/div><\/a><div class=\"x-text x-content e2547-e16 m1yr-8\"><p>In comparison with an air-cooled motor, the same performance can be achieved for smaller construction spaces without problems. By default, this is achieved for the efficiency class IE3 (S1)<\/p><\/div><a class=\"x-anchor x-anchor-button has-graphic e2547-e17 m1yr-9 m1yr-c m1yr-d\" tabindex=\"0\" href=\"\/en\/watercooled-motors\/\"><div class=\"x-anchor-content\"><span class=\"x-graphic\" aria-hidden=\"true\"><i class=\"x-icon x-graphic-child x-graphic-icon x-graphic-primary\" aria-hidden=\"true\" data-x-icon-l=\"&#xf101;\"><\/i><\/span><div class=\"x-anchor-text\"><span class=\"x-anchor-text-primary\">more<\/span><\/div><\/div><\/a><\/div><\/div><\/div><\/div><\/div><\/div><\/div><div class=\"x-section e779-e19 mln-0 mln-1 mln-7\"><div class=\"x-row x-container max width e779-e20 mln-z mln-10\"><div class=\"x-row-inner\"><div class=\"x-col e779-e21 mln-11 mln-12\"><div class=\"x-text x-text-headline e779-e22 mln-n mln-o mln-p mln-u mln-w mln-x\"><div class=\"x-text-content\"><div class=\"x-text-content-text\"><h2 class=\"x-text-content-text-primary\">Challenge us! Our sales team is looking forward to meeting you.<\/h2>\n<\/div><\/div><\/div><a class=\"x-anchor x-anchor-button e779-e23 mln-14 mln-15\" tabindex=\"0\" href=\"tel:+4991137480\"><div class=\"x-anchor-content\"><div class=\"x-anchor-text\"><span class=\"x-anchor-text-primary\">Call us<\/span><\/div><\/div><\/a><a class=\"x-anchor x-anchor-button e779-e24 mln-15 mln-16\" tabindex=\"0\" href=\"mailto:info@benbuchele.de?subject=Request%20Air%20Conditioning%20&amp;%20Ventilation%20Technology\"><div class=\"x-anchor-content\"><div class=\"x-anchor-text\"><span class=\"x-anchor-text-primary\">Write us an e-mail<\/span><\/div><\/div><\/a><\/div><div class=\"x-col e779-e25 mln-11 mln-13\"><div class=\"x-text x-text-headline e779-e26 mln-n mln-o mln-p mln-r mln-u mln-w\"><div class=\"x-text-content\"><div class=\"x-text-content-text\"><h2 class=\"x-text-content-text-primary\">Download the information sheet free of charge.<\/h2>\n<\/div><\/div><\/div><a class=\"x-anchor x-anchor-button e779-e27 mln-14 mln-15\" tabindex=\"0\" href=\"\/wp-content\/uploads\/2022\/07\/ben-buchele-allgemeine-produktbroschuere.pdf\" target=\"_blank\" rel=\"noopener noreferrer\"><div class=\"x-anchor-content\"><div class=\"x-anchor-text\"><span class=\"x-anchor-text-primary\">Download<\/span><\/div><\/div><\/a><\/div><\/div><\/div><\/div><\/div>","protected":false},"excerpt":{"rendered":"<p>Air Conditioning &#038; Ventilation Technology From low-noise to increased axial loads &ndash; motors optimized for your applicationWe are specialized in the production of top-quality greycast iron motors, suitable for tough everyday use in particular environmental conditions, e.g. a reduced-noise design or motors with increased axial loading.Application examples in air conditioning and ventilation technology axial and radial ventilation for air conditioning &#8230; <a href=\"https:\/\/www.benbuchele.de\/en\/air-conditioning-and-ventilation-technology\/\" class=\"more-link\">Read More<\/a><\/p>\n","protected":false},"author":1,"featured_media":0,"parent":0,"menu_order":0,"comment_status":"closed","ping_status":"closed","template":"template-blank-4.php","meta":{"_acf_changed":false,"footnotes":""},"class_list":["post-779","page","type-page","status-publish","hentry","no-post-thumbnail"],"acf":[],"yoast_head":"<!-- This site is optimized with the Yoast SEO plugin v27.2 - https:\/\/yoast.com\/product\/yoast-seo-wordpress\/ -->\n<title>Grauguss-Motoren f\u00fcr Klima- und Lufttechnik - BEN Buchele<\/title>\n<meta name=\"description\" content=\"Unsere Spezialit\u00e4t sind qualitativ hochwertige Grauguss-Motoren f\u00fcr Klima- und Lufttechnik. Konzipiert f\u00fcr den harten Alltagseinsatz harten Bedingungen.\" \/>\n<meta name=\"robots\" content=\"index, follow, max-snippet:-1, max-image-preview:large, max-video-preview:-1\" \/>\n<link rel=\"canonical\" href=\"https:\/\/www.benbuchele.de\/en\/air-conditioning-and-ventilation-technology\/\" \/>\n<meta property=\"og:locale\" content=\"en_US\" \/>\n<meta property=\"og:type\" content=\"article\" \/>\n<meta property=\"og:title\" content=\"Grauguss-Motoren f\u00fcr Klima- und Lufttechnik - BEN Buchele\" \/>\n<meta property=\"og:description\" content=\"Unsere Spezialit\u00e4t sind qualitativ hochwertige Grauguss-Motoren f\u00fcr Klima- und Lufttechnik. Konzipiert f\u00fcr den harten Alltagseinsatz harten Bedingungen.\" \/>\n<meta property=\"og:url\" content=\"https:\/\/www.benbuchele.de\/en\/air-conditioning-and-ventilation-technology\/\" \/>\n<meta property=\"og:site_name\" content=\"BEN Buchele\" \/>\n<meta property=\"article:publisher\" content=\"https:\/\/www.facebook.com\/benbuchele\/\" \/>\n<meta property=\"article:modified_time\" content=\"2025-03-20T09:18:54+00:00\" \/>\n<meta property=\"og:image\" content=\"https:\/\/www.benbuchele.de\/wp-content\/uploads\/2017\/08\/klima-und-lufttechnik-ben-buchele.jpg\" \/>\n<meta name=\"twitter:card\" content=\"summary_large_image\" \/>\n<meta name=\"twitter:label1\" content=\"Est. reading time\" \/>\n\t<meta name=\"twitter:data1\" content=\"2 minutes\" \/>\n<script type=\"application\/ld+json\" class=\"yoast-schema-graph\">{\"@context\":\"https:\/\/schema.org\",\"@graph\":[{\"@type\":\"WebPage\",\"@id\":\"https:\/\/www.benbuchele.de\/en\/air-conditioning-and-ventilation-technology\/\",\"url\":\"https:\/\/www.benbuchele.de\/en\/air-conditioning-and-ventilation-technology\/\",\"name\":\"Grauguss-Motoren f\u00fcr Klima- und Lufttechnik - BEN Buchele\",\"isPartOf\":{\"@id\":\"https:\/\/www.benbuchele.de\/en\/#website\"},\"primaryImageOfPage\":{\"@id\":\"https:\/\/www.benbuchele.de\/en\/air-conditioning-and-ventilation-technology\/#primaryimage\"},\"image\":{\"@id\":\"https:\/\/www.benbuchele.de\/en\/air-conditioning-and-ventilation-technology\/#primaryimage\"},\"thumbnailUrl\":\"https:\/\/www.benbuchele.de\/wp-content\/uploads\/2017\/08\/klima-und-lufttechnik-ben-buchele.jpg\",\"datePublished\":\"2017-08-11T08:37:56+00:00\",\"dateModified\":\"2025-03-20T09:18:54+00:00\",\"description\":\"Unsere Spezialit\u00e4t sind qualitativ hochwertige Grauguss-Motoren f\u00fcr Klima- und Lufttechnik. Konzipiert f\u00fcr den harten Alltagseinsatz harten Bedingungen.\",\"breadcrumb\":{\"@id\":\"https:\/\/www.benbuchele.de\/en\/air-conditioning-and-ventilation-technology\/#breadcrumb\"},\"inLanguage\":\"en-US\",\"potentialAction\":[{\"@type\":\"ReadAction\",\"target\":[\"https:\/\/www.benbuchele.de\/en\/air-conditioning-and-ventilation-technology\/\"]}]},{\"@type\":\"ImageObject\",\"inLanguage\":\"en-US\",\"@id\":\"https:\/\/www.benbuchele.de\/en\/air-conditioning-and-ventilation-technology\/#primaryimage\",\"url\":\"https:\/\/www.benbuchele.de\/wp-content\/uploads\/2017\/08\/klima-und-lufttechnik-ben-buchele.jpg\",\"contentUrl\":\"https:\/\/www.benbuchele.de\/wp-content\/uploads\/2017\/08\/klima-und-lufttechnik-ben-buchele.jpg\"},{\"@type\":\"BreadcrumbList\",\"@id\":\"https:\/\/www.benbuchele.de\/en\/air-conditioning-and-ventilation-technology\/#breadcrumb\",\"itemListElement\":[{\"@type\":\"ListItem\",\"position\":1,\"name\":\"Startseite\",\"item\":\"https:\/\/www.benbuchele.de\/en\/welcome-ben-buchele\/\"},{\"@type\":\"ListItem\",\"position\":2,\"name\":\"Air Conditioning &#038; Ventilation Technology\"}]},{\"@type\":\"WebSite\",\"@id\":\"https:\/\/www.benbuchele.de\/en\/#website\",\"url\":\"https:\/\/www.benbuchele.de\/en\/\",\"name\":\"BEN Buchele\",\"description\":\"\",\"publisher\":{\"@id\":\"https:\/\/www.benbuchele.de\/en\/#organization\"},\"potentialAction\":[{\"@type\":\"SearchAction\",\"target\":{\"@type\":\"EntryPoint\",\"urlTemplate\":\"https:\/\/www.benbuchele.de\/en\/?s={search_term_string}\"},\"query-input\":{\"@type\":\"PropertyValueSpecification\",\"valueRequired\":true,\"valueName\":\"search_term_string\"}}],\"inLanguage\":\"en-US\"},{\"@type\":\"Organization\",\"@id\":\"https:\/\/www.benbuchele.de\/en\/#organization\",\"name\":\"BEN Buchele\",\"url\":\"https:\/\/www.benbuchele.de\/en\/\",\"logo\":{\"@type\":\"ImageObject\",\"inLanguage\":\"en-US\",\"@id\":\"https:\/\/www.benbuchele.de\/en\/#\/schema\/logo\/image\/\",\"url\":\"https:\/\/www.benbuchele.de\/wp-content\/uploads\/2018\/06\/BEN-Logo-1.jpg\",\"contentUrl\":\"https:\/\/www.benbuchele.de\/wp-content\/uploads\/2018\/06\/BEN-Logo-1.jpg\",\"width\":939,\"height\":415,\"caption\":\"BEN Buchele\"},\"image\":{\"@id\":\"https:\/\/www.benbuchele.de\/en\/#\/schema\/logo\/image\/\"},\"sameAs\":[\"https:\/\/www.facebook.com\/benbuchele\/\",\"https:\/\/de.linkedin.com\/company\/ben-buchele-elektromotorenwerke-gmbh\"]}]}<\/script>\n<!-- \/ Yoast SEO plugin. -->","yoast_head_json":{"title":"Grauguss-Motoren f\u00fcr Klima- und Lufttechnik - BEN Buchele","description":"Unsere Spezialit\u00e4t sind qualitativ hochwertige Grauguss-Motoren f\u00fcr Klima- und Lufttechnik. Konzipiert f\u00fcr den harten Alltagseinsatz harten Bedingungen.","robots":{"index":"index","follow":"follow","max-snippet":"max-snippet:-1","max-image-preview":"max-image-preview:large","max-video-preview":"max-video-preview:-1"},"canonical":"https:\/\/www.benbuchele.de\/en\/air-conditioning-and-ventilation-technology\/","og_locale":"en_US","og_type":"article","og_title":"Grauguss-Motoren f\u00fcr Klima- und Lufttechnik - BEN Buchele","og_description":"Unsere Spezialit\u00e4t sind qualitativ hochwertige Grauguss-Motoren f\u00fcr Klima- und Lufttechnik. Konzipiert f\u00fcr den harten Alltagseinsatz harten Bedingungen.","og_url":"https:\/\/www.benbuchele.de\/en\/air-conditioning-and-ventilation-technology\/","og_site_name":"BEN Buchele","article_publisher":"https:\/\/www.facebook.com\/benbuchele\/","article_modified_time":"2025-03-20T09:18:54+00:00","og_image":[{"url":"https:\/\/www.benbuchele.de\/wp-content\/uploads\/2017\/08\/klima-und-lufttechnik-ben-buchele.jpg","type":"","width":"","height":""}],"twitter_card":"summary_large_image","twitter_misc":{"Est. reading time":"2 minutes"},"schema":{"@context":"https:\/\/schema.org","@graph":[{"@type":"WebPage","@id":"https:\/\/www.benbuchele.de\/en\/air-conditioning-and-ventilation-technology\/","url":"https:\/\/www.benbuchele.de\/en\/air-conditioning-and-ventilation-technology\/","name":"Grauguss-Motoren f\u00fcr Klima- und Lufttechnik - BEN Buchele","isPartOf":{"@id":"https:\/\/www.benbuchele.de\/en\/#website"},"primaryImageOfPage":{"@id":"https:\/\/www.benbuchele.de\/en\/air-conditioning-and-ventilation-technology\/#primaryimage"},"image":{"@id":"https:\/\/www.benbuchele.de\/en\/air-conditioning-and-ventilation-technology\/#primaryimage"},"thumbnailUrl":"https:\/\/www.benbuchele.de\/wp-content\/uploads\/2017\/08\/klima-und-lufttechnik-ben-buchele.jpg","datePublished":"2017-08-11T08:37:56+00:00","dateModified":"2025-03-20T09:18:54+00:00","description":"Unsere Spezialit\u00e4t sind qualitativ hochwertige Grauguss-Motoren f\u00fcr Klima- und Lufttechnik. Konzipiert f\u00fcr den harten Alltagseinsatz harten Bedingungen.","breadcrumb":{"@id":"https:\/\/www.benbuchele.de\/en\/air-conditioning-and-ventilation-technology\/#breadcrumb"},"inLanguage":"en-US","potentialAction":[{"@type":"ReadAction","target":["https:\/\/www.benbuchele.de\/en\/air-conditioning-and-ventilation-technology\/"]}]},{"@type":"ImageObject","inLanguage":"en-US","@id":"https:\/\/www.benbuchele.de\/en\/air-conditioning-and-ventilation-technology\/#primaryimage","url":"https:\/\/www.benbuchele.de\/wp-content\/uploads\/2017\/08\/klima-und-lufttechnik-ben-buchele.jpg","contentUrl":"https:\/\/www.benbuchele.de\/wp-content\/uploads\/2017\/08\/klima-und-lufttechnik-ben-buchele.jpg"},{"@type":"BreadcrumbList","@id":"https:\/\/www.benbuchele.de\/en\/air-conditioning-and-ventilation-technology\/#breadcrumb","itemListElement":[{"@type":"ListItem","position":1,"name":"Startseite","item":"https:\/\/www.benbuchele.de\/en\/welcome-ben-buchele\/"},{"@type":"ListItem","position":2,"name":"Air Conditioning &#038; Ventilation Technology"}]},{"@type":"WebSite","@id":"https:\/\/www.benbuchele.de\/en\/#website","url":"https:\/\/www.benbuchele.de\/en\/","name":"BEN Buchele","description":"","publisher":{"@id":"https:\/\/www.benbuchele.de\/en\/#organization"},"potentialAction":[{"@type":"SearchAction","target":{"@type":"EntryPoint","urlTemplate":"https:\/\/www.benbuchele.de\/en\/?s={search_term_string}"},"query-input":{"@type":"PropertyValueSpecification","valueRequired":true,"valueName":"search_term_string"}}],"inLanguage":"en-US"},{"@type":"Organization","@id":"https:\/\/www.benbuchele.de\/en\/#organization","name":"BEN Buchele","url":"https:\/\/www.benbuchele.de\/en\/","logo":{"@type":"ImageObject","inLanguage":"en-US","@id":"https:\/\/www.benbuchele.de\/en\/#\/schema\/logo\/image\/","url":"https:\/\/www.benbuchele.de\/wp-content\/uploads\/2018\/06\/BEN-Logo-1.jpg","contentUrl":"https:\/\/www.benbuchele.de\/wp-content\/uploads\/2018\/06\/BEN-Logo-1.jpg","width":939,"height":415,"caption":"BEN Buchele"},"image":{"@id":"https:\/\/www.benbuchele.de\/en\/#\/schema\/logo\/image\/"},"sameAs":["https:\/\/www.facebook.com\/benbuchele\/","https:\/\/de.linkedin.com\/company\/ben-buchele-elektromotorenwerke-gmbh"]}]}},"_links":{"self":[{"href":"https:\/\/www.benbuchele.de\/en\/wp-json\/wp\/v2\/pages\/779","targetHints":{"allow":["GET"]}}],"collection":[{"href":"https:\/\/www.benbuchele.de\/en\/wp-json\/wp\/v2\/pages"}],"about":[{"href":"https:\/\/www.benbuchele.de\/en\/wp-json\/wp\/v2\/types\/page"}],"author":[{"embeddable":true,"href":"https:\/\/www.benbuchele.de\/en\/wp-json\/wp\/v2\/users\/1"}],"replies":[{"embeddable":true,"href":"https:\/\/www.benbuchele.de\/en\/wp-json\/wp\/v2\/comments?post=779"}],"version-history":[{"count":2,"href":"https:\/\/www.benbuchele.de\/en\/wp-json\/wp\/v2\/pages\/779\/revisions"}],"predecessor-version":[{"id":3506,"href":"https:\/\/www.benbuchele.de\/en\/wp-json\/wp\/v2\/pages\/779\/revisions\/3506"}],"wp:attachment":[{"href":"https:\/\/www.benbuchele.de\/en\/wp-json\/wp\/v2\/media?parent=779"}],"curies":[{"name":"wp","href":"https:\/\/api.w.org\/{rel}","templated":true}]}}