{"id":767,"date":"2017-04-30T20:32:51","date_gmt":"2017-04-30T18:32:51","guid":{"rendered":"https:\/\/www.benbuchele.de\/schiffbau\/"},"modified":"2025-03-20T10:18:54","modified_gmt":"2025-03-20T09:18:54","slug":"shipbuilding","status":"publish","type":"page","link":"https:\/\/www.benbuchele.de\/en\/shipbuilding\/","title":{"rendered":"Shipbuilding"},"content":{"rendered":"<div id=\"cs-content\" class=\"cs-content\"><div class=\"x-section e767-e1 mlb-0 mlb-1 mlb-2 mlb-3\"><div class=\"x-grid e767-e2 mlb-8 mlb-9 mlb-a mlb-b\"><div class=\"x-cell e767-e3 mlb-h mlb-i mlb-j mlb-k\"><div class=\"x-bg\" aria-hidden=\"true\"><div class=\"x-bg-layer-lower-image\"><\/div><\/div><\/div><div class=\"x-cell e767-e4 mlb-h mlb-i mlb-l mlb-m\"><div class=\"x-text x-text-headline e767-e5 mlb-n mlb-o mlb-p mlb-q mlb-r\"><div class=\"x-text-content\"><div class=\"x-text-content-text\"><h1 class=\"x-text-content-text-primary\">Shipbuilding<\/h1>\n<span class=\"x-text-content-text-subheadline\">Built to withstand the toughest conditions<\/span><\/div><\/div><\/div><div class=\"x-text x-content e767-e6 mlb-y\"><p>Built to withstand the toughest conditions, our motors used in the shipbuilding industry are robust, resistant to seawater and designed to have a long service life.<\/p>\n<p>Our three-phase squirrel-cage motors can be produced as single speed motors up to four speeds in pole changing design, slip-ring motors up to two speeds. The surface- and water-cooled designs are intended for both long- and short-term operation and in different energy efficiency classes.<\/p><\/div><\/div><\/div><\/div><div class=\"x-section e767-e7 mlb-0 mlb-1 mlb-3 mlb-4 mlb-5\"><div class=\"x-grid x-container max width e767-e8 mlb-9 mlb-c mlb-d mlb-e\"><div class=\"x-cell e767-e9 mlb-h mlb-k mlb-m\"><div class=\"x-text x-text-headline e767-e10 mlb-n mlb-p mlb-s mlb-t mlb-u\"><div class=\"x-text-content\"><div class=\"x-text-content-text\"><h2 class=\"x-text-content-text-primary\">Application examples of our motors in shipbuilding<\/h2>\n<\/div><\/div><\/div><div class=\"x-text x-content e767-e11 mlb-y\"><ul>\n \t<li>combined anchor-\/mooring winches, loading winches and special winches for low temperature use up to -60\u00b0C<\/li>\n \t<li>electrical windlass for liftdocks<\/li>\n \t<li>marine ships<\/li>\n \t<li>hydraulic anchor-\/mooring winches<\/li>\n \t<li>free-fall lifeboat systems<\/li>\n \t<li>deck cranes<\/li>\n \t<li>bow thrusters \u2013 motors in slip-ring or squirrel-cage design<\/li>\n \t<li>electro equipment for above mentioned devices<\/li>\n<\/ul><\/div><\/div><\/div><\/div><div class=\"x-section e767-e12 mlb-0 mlb-3 mlb-4 mlb-6\"><div class=\"x-grid x-container max width e767-e13 mlb-9 mlb-b mlb-d mlb-e mlb-f mlb-g\"><div class=\"x-cell e767-e14 mlb-h mlb-k mlb-m\"><div class=\"x-text x-text-headline e767-e15 mlb-p mlb-t mlb-u mlb-v\"><div class=\"x-text-content\"><div class=\"x-text-content-text\"><h2 class=\"x-text-content-text-primary\">Our motors for shipbuilding<\/h2>\n<\/div><\/div><\/div><\/div><\/div><div class=\"x-grid e767-e16 mlb-9 mlb-a mlb-b mlb-e mlb-f\"><div class=\"x-cell e767-e17 mlb-h mlb-k mlb-m\"><div class=\"cs-content x-global-block x-global-block-2547 e767-e18\"><div class=\"x-section e2547-e1 m1yr-0\"><div class=\"x-grid x-container max width e2547-e2 m1yr-1\"><div class=\"x-cell e2547-e3 m1yr-2 m1yr-3\"><a class=\"x-image e2547-e4 m1yr-4\" href=\"\/en\/surface-cooled-motors\/\"><img decoding=\"async\" src=\"https:\/\/www.benbuchele.de\/wp-content\/uploads\/2017\/08\/motoren-sondermaschinenbau.jpg\" width=\"500\" height=\"369\" alt=\"Image\"><\/a><a href=\"\/en\/surface-cooled-motors\/\" class=\"x-text x-text-headline e2547-e5 m1yr-5 m1yr-6\"><div class=\"x-text-content\"><div class=\"x-text-content-text\"><h2 class=\"x-text-content-text-primary\">Surface cooled motor<\/h2>\n<\/div><\/div><\/a><div class=\"x-text x-content e2547-e6 m1yr-8\"><p>Our surface-cooled motors (IP54 to IP68) impress their durability and robustness based on our high quality demands on us and our products.<\/p><\/div><a class=\"x-anchor x-anchor-button has-graphic e2547-e7 m1yr-9 m1yr-a m1yr-b\" tabindex=\"0\" href=\"\/en\/surface-cooled-motors\/\"><div class=\"x-anchor-content\"><span class=\"x-graphic\" aria-hidden=\"true\"><i class=\"x-icon x-graphic-child x-graphic-icon x-graphic-primary\" aria-hidden=\"true\" data-x-icon-l=\"&#xf101;\"><\/i><\/span><div class=\"x-anchor-text\"><span class=\"x-anchor-text-primary\">more<\/span><\/div><\/div><\/a><\/div><div class=\"x-cell e2547-e8 m1yr-2\"><a class=\"x-image e2547-e9 m1yr-4\" href=\"\/en\/explosion-proof-motors\/\"><img decoding=\"async\" src=\"https:\/\/www.benbuchele.de\/wp-content\/uploads\/2021\/03\/ex-motoren-benbuchele_schwarz_gelb.jpg\" width=\"1080\" height=\"797\" alt=\"EX-Motoren\"><\/a><a href=\"\/en\/explosion-proof-motors\/\" class=\"x-text x-text-headline e2547-e10 m1yr-5 m1yr-6\"><div class=\"x-text-content\"><div class=\"x-text-content-text\"><h2 class=\"x-text-content-text-primary\">Explosion proof motor<\/h2>\n<\/div><\/div><\/a><div class=\"x-text x-content e2547-e11 m1yr-8\"><p>The explosion protected motor with integrated electromagnetic spring-operated brake with up to 3300 Nm braking power is the new flagship product from our production facility in Middle Franconia.<\/p><\/div><a class=\"x-anchor x-anchor-button has-graphic e2547-e12 m1yr-9 m1yr-a m1yr-c\" tabindex=\"0\" href=\"\/en\/explosion-proof-motors\/\"><div class=\"x-anchor-content\"><span class=\"x-graphic\" aria-hidden=\"true\"><i class=\"x-icon x-graphic-child x-graphic-icon x-graphic-primary\" aria-hidden=\"true\" data-x-icon-l=\"&#xf101;\"><\/i><\/span><div class=\"x-anchor-text\"><span class=\"x-anchor-text-primary\">more<\/span><\/div><\/div><\/a><\/div><div class=\"x-cell e2547-e13 m1yr-2 m1yr-3\"><a class=\"x-image e2547-e14 m1yr-4\" href=\"\/en\/watercooled-motors\/\"><img decoding=\"async\" src=\"https:\/\/www.benbuchele.de\/wp-content\/uploads\/2021\/03\/allgemeiner-und-sondermaschinenbau-motor-blau.jpg\" width=\"1080\" height=\"797\" alt=\"Allgemeiner und Sondermaschinenbau\"><\/a><a href=\"\/en\/watercooled-motors\/\" class=\"x-text x-text-headline e2547-e15 m1yr-5 m1yr-7\"><div class=\"x-text-content\"><div class=\"x-text-content-text\"><h2 class=\"x-text-content-text-primary\">Watercooled motor<\/h2>\n<\/div><\/div><\/a><div class=\"x-text x-content e2547-e16 m1yr-8\"><p>In comparison with an air-cooled motor, the same performance can be achieved for smaller construction spaces without problems. By default, this is achieved for the efficiency class IE3 (S1)<\/p><\/div><a class=\"x-anchor x-anchor-button has-graphic e2547-e17 m1yr-9 m1yr-c m1yr-d\" tabindex=\"0\" href=\"\/en\/watercooled-motors\/\"><div class=\"x-anchor-content\"><span class=\"x-graphic\" aria-hidden=\"true\"><i class=\"x-icon x-graphic-child x-graphic-icon x-graphic-primary\" aria-hidden=\"true\" data-x-icon-l=\"&#xf101;\"><\/i><\/span><div class=\"x-anchor-text\"><span class=\"x-anchor-text-primary\">more<\/span><\/div><\/div><\/a><\/div><\/div><\/div><\/div><\/div><\/div><\/div><div class=\"x-section e767-e19 mlb-0 mlb-1 mlb-7\"><div class=\"x-row x-container max width e767-e20 mlb-z mlb-10\"><div class=\"x-row-inner\"><div class=\"x-col e767-e21 mlb-11 mlb-12\"><div class=\"x-text x-text-headline e767-e22 mlb-n mlb-o mlb-p mlb-u mlb-w mlb-x\"><div class=\"x-text-content\"><div class=\"x-text-content-text\"><h2 class=\"x-text-content-text-primary\">Challenge us! Our sales team is looking forward to meeting you.<\/h2>\n<\/div><\/div><\/div><a class=\"x-anchor x-anchor-button e767-e23 mlb-14 mlb-15\" tabindex=\"0\" href=\"tel:+4991137480\"><div class=\"x-anchor-content\"><div class=\"x-anchor-text\"><span class=\"x-anchor-text-primary\">Call us<\/span><\/div><\/div><\/a><a class=\"x-anchor x-anchor-button e767-e24 mlb-15 mlb-16\" tabindex=\"0\" href=\"mailto:info@benbuchele.de?subject=Request%20Shipbuilding\"><div class=\"x-anchor-content\"><div class=\"x-anchor-text\"><span class=\"x-anchor-text-primary\">Write us an e-Mail<\/span><\/div><\/div><\/a><\/div><div class=\"x-col e767-e25 mlb-11 mlb-13\"><div class=\"x-text x-text-headline e767-e26 mlb-n mlb-o mlb-p mlb-r mlb-u mlb-w\"><div class=\"x-text-content\"><div class=\"x-text-content-text\"><h2 class=\"x-text-content-text-primary\">Download the information sheet free of charge.<\/h2>\n<\/div><\/div><\/div><a class=\"x-anchor x-anchor-button e767-e27 mlb-14 mlb-15\" tabindex=\"0\" href=\"\/wp-content\/uploads\/2022\/07\/ben-buchele-allgemeine-produktbroschuere.pdf\" target=\"_blank\" rel=\"noopener noreferrer\"><div class=\"x-anchor-content\"><div class=\"x-anchor-text\"><span class=\"x-anchor-text-primary\">Download<\/span><\/div><\/div><\/a><\/div><\/div><\/div><\/div><\/div>","protected":false},"excerpt":{"rendered":"<p>Shipbuilding Built to withstand the toughest conditionsBuilt to withstand the toughest conditions, our motors used in the shipbuilding industry are robust, resistant to seawater and designed to have a long service life. Our three-phase squirrel-cage motors can be produced as single speed motors up to four speeds in pole changing design, slip-ring motors up to two speeds. The surface- and &#8230; <a href=\"https:\/\/www.benbuchele.de\/en\/shipbuilding\/\" class=\"more-link\">Read More<\/a><\/p>\n","protected":false},"author":1,"featured_media":0,"parent":0,"menu_order":0,"comment_status":"closed","ping_status":"closed","template":"template-blank-4.php","meta":{"_acf_changed":false,"footnotes":""},"class_list":["post-767","page","type-page","status-publish","hentry","no-post-thumbnail"],"acf":[],"yoast_head":"<!-- This site is optimized with the Yoast SEO plugin v27.2 - https:\/\/yoast.com\/product\/yoast-seo-wordpress\/ -->\n<title>Elektromotoren f\u00fcr den Schiffbau - BEN Buchele<\/title>\n<meta name=\"description\" content=\"Unsere Motoren f\u00fcr den Schiffbau sind robust, seewassergesch\u00fctzt und langlebig konzipiert. Sie sind gemacht, um widrigsten Bedingungen standzuhalten.\" \/>\n<meta name=\"robots\" content=\"index, follow, max-snippet:-1, max-image-preview:large, max-video-preview:-1\" \/>\n<link rel=\"canonical\" href=\"https:\/\/www.benbuchele.de\/en\/shipbuilding\/\" \/>\n<meta property=\"og:locale\" content=\"en_US\" \/>\n<meta property=\"og:type\" content=\"article\" \/>\n<meta property=\"og:title\" content=\"Elektromotoren f\u00fcr den Schiffbau - BEN Buchele\" \/>\n<meta property=\"og:description\" content=\"Unsere Motoren f\u00fcr den Schiffbau sind robust, seewassergesch\u00fctzt und langlebig konzipiert. Sie sind gemacht, um widrigsten Bedingungen standzuhalten.\" \/>\n<meta property=\"og:url\" content=\"https:\/\/www.benbuchele.de\/en\/shipbuilding\/\" \/>\n<meta property=\"og:site_name\" content=\"BEN Buchele\" \/>\n<meta property=\"article:publisher\" content=\"https:\/\/www.facebook.com\/benbuchele\/\" \/>\n<meta property=\"article:modified_time\" content=\"2025-03-20T09:18:54+00:00\" \/>\n<meta property=\"og:image\" content=\"https:\/\/www.benbuchele.de\/wp-content\/uploads\/2017\/08\/motoren-sondermaschinenbau.jpg\" \/>\n<meta name=\"twitter:card\" content=\"summary_large_image\" \/>\n<meta name=\"twitter:label1\" content=\"Est. reading time\" \/>\n\t<meta name=\"twitter:data1\" content=\"1 minute\" \/>\n<script type=\"application\/ld+json\" class=\"yoast-schema-graph\">{\"@context\":\"https:\/\/schema.org\",\"@graph\":[{\"@type\":\"WebPage\",\"@id\":\"https:\/\/www.benbuchele.de\/en\/shipbuilding\/\",\"url\":\"https:\/\/www.benbuchele.de\/en\/shipbuilding\/\",\"name\":\"Elektromotoren f\u00fcr den Schiffbau - BEN Buchele\",\"isPartOf\":{\"@id\":\"https:\/\/www.benbuchele.de\/en\/#website\"},\"primaryImageOfPage\":{\"@id\":\"https:\/\/www.benbuchele.de\/en\/shipbuilding\/#primaryimage\"},\"image\":{\"@id\":\"https:\/\/www.benbuchele.de\/en\/shipbuilding\/#primaryimage\"},\"thumbnailUrl\":\"https:\/\/www.benbuchele.de\/wp-content\/uploads\/2017\/08\/motoren-sondermaschinenbau.jpg\",\"datePublished\":\"2017-04-30T18:32:51+00:00\",\"dateModified\":\"2025-03-20T09:18:54+00:00\",\"description\":\"Unsere Motoren f\u00fcr den Schiffbau sind robust, seewassergesch\u00fctzt und langlebig konzipiert. Sie sind gemacht, um widrigsten Bedingungen standzuhalten.\",\"breadcrumb\":{\"@id\":\"https:\/\/www.benbuchele.de\/en\/shipbuilding\/#breadcrumb\"},\"inLanguage\":\"en-US\",\"potentialAction\":[{\"@type\":\"ReadAction\",\"target\":[\"https:\/\/www.benbuchele.de\/en\/shipbuilding\/\"]}]},{\"@type\":\"ImageObject\",\"inLanguage\":\"en-US\",\"@id\":\"https:\/\/www.benbuchele.de\/en\/shipbuilding\/#primaryimage\",\"url\":\"https:\/\/www.benbuchele.de\/wp-content\/uploads\/2017\/08\/motoren-sondermaschinenbau.jpg\",\"contentUrl\":\"https:\/\/www.benbuchele.de\/wp-content\/uploads\/2017\/08\/motoren-sondermaschinenbau.jpg\"},{\"@type\":\"BreadcrumbList\",\"@id\":\"https:\/\/www.benbuchele.de\/en\/shipbuilding\/#breadcrumb\",\"itemListElement\":[{\"@type\":\"ListItem\",\"position\":1,\"name\":\"Startseite\",\"item\":\"https:\/\/www.benbuchele.de\/en\/welcome-ben-buchele\/\"},{\"@type\":\"ListItem\",\"position\":2,\"name\":\"Shipbuilding\"}]},{\"@type\":\"WebSite\",\"@id\":\"https:\/\/www.benbuchele.de\/en\/#website\",\"url\":\"https:\/\/www.benbuchele.de\/en\/\",\"name\":\"BEN Buchele\",\"description\":\"\",\"publisher\":{\"@id\":\"https:\/\/www.benbuchele.de\/en\/#organization\"},\"potentialAction\":[{\"@type\":\"SearchAction\",\"target\":{\"@type\":\"EntryPoint\",\"urlTemplate\":\"https:\/\/www.benbuchele.de\/en\/?s={search_term_string}\"},\"query-input\":{\"@type\":\"PropertyValueSpecification\",\"valueRequired\":true,\"valueName\":\"search_term_string\"}}],\"inLanguage\":\"en-US\"},{\"@type\":\"Organization\",\"@id\":\"https:\/\/www.benbuchele.de\/en\/#organization\",\"name\":\"BEN Buchele\",\"url\":\"https:\/\/www.benbuchele.de\/en\/\",\"logo\":{\"@type\":\"ImageObject\",\"inLanguage\":\"en-US\",\"@id\":\"https:\/\/www.benbuchele.de\/en\/#\/schema\/logo\/image\/\",\"url\":\"https:\/\/www.benbuchele.de\/wp-content\/uploads\/2018\/06\/BEN-Logo-1.jpg\",\"contentUrl\":\"https:\/\/www.benbuchele.de\/wp-content\/uploads\/2018\/06\/BEN-Logo-1.jpg\",\"width\":939,\"height\":415,\"caption\":\"BEN Buchele\"},\"image\":{\"@id\":\"https:\/\/www.benbuchele.de\/en\/#\/schema\/logo\/image\/\"},\"sameAs\":[\"https:\/\/www.facebook.com\/benbuchele\/\",\"https:\/\/de.linkedin.com\/company\/ben-buchele-elektromotorenwerke-gmbh\"]}]}<\/script>\n<!-- \/ Yoast SEO plugin. -->","yoast_head_json":{"title":"Elektromotoren f\u00fcr den Schiffbau - BEN Buchele","description":"Unsere Motoren f\u00fcr den Schiffbau sind robust, seewassergesch\u00fctzt und langlebig konzipiert. Sie sind gemacht, um widrigsten Bedingungen standzuhalten.","robots":{"index":"index","follow":"follow","max-snippet":"max-snippet:-1","max-image-preview":"max-image-preview:large","max-video-preview":"max-video-preview:-1"},"canonical":"https:\/\/www.benbuchele.de\/en\/shipbuilding\/","og_locale":"en_US","og_type":"article","og_title":"Elektromotoren f\u00fcr den Schiffbau - BEN Buchele","og_description":"Unsere Motoren f\u00fcr den Schiffbau sind robust, seewassergesch\u00fctzt und langlebig konzipiert. Sie sind gemacht, um widrigsten Bedingungen standzuhalten.","og_url":"https:\/\/www.benbuchele.de\/en\/shipbuilding\/","og_site_name":"BEN Buchele","article_publisher":"https:\/\/www.facebook.com\/benbuchele\/","article_modified_time":"2025-03-20T09:18:54+00:00","og_image":[{"url":"https:\/\/www.benbuchele.de\/wp-content\/uploads\/2017\/08\/motoren-sondermaschinenbau.jpg","type":"","width":"","height":""}],"twitter_card":"summary_large_image","twitter_misc":{"Est. reading time":"1 minute"},"schema":{"@context":"https:\/\/schema.org","@graph":[{"@type":"WebPage","@id":"https:\/\/www.benbuchele.de\/en\/shipbuilding\/","url":"https:\/\/www.benbuchele.de\/en\/shipbuilding\/","name":"Elektromotoren f\u00fcr den Schiffbau - BEN Buchele","isPartOf":{"@id":"https:\/\/www.benbuchele.de\/en\/#website"},"primaryImageOfPage":{"@id":"https:\/\/www.benbuchele.de\/en\/shipbuilding\/#primaryimage"},"image":{"@id":"https:\/\/www.benbuchele.de\/en\/shipbuilding\/#primaryimage"},"thumbnailUrl":"https:\/\/www.benbuchele.de\/wp-content\/uploads\/2017\/08\/motoren-sondermaschinenbau.jpg","datePublished":"2017-04-30T18:32:51+00:00","dateModified":"2025-03-20T09:18:54+00:00","description":"Unsere Motoren f\u00fcr den Schiffbau sind robust, seewassergesch\u00fctzt und langlebig konzipiert. Sie sind gemacht, um widrigsten Bedingungen standzuhalten.","breadcrumb":{"@id":"https:\/\/www.benbuchele.de\/en\/shipbuilding\/#breadcrumb"},"inLanguage":"en-US","potentialAction":[{"@type":"ReadAction","target":["https:\/\/www.benbuchele.de\/en\/shipbuilding\/"]}]},{"@type":"ImageObject","inLanguage":"en-US","@id":"https:\/\/www.benbuchele.de\/en\/shipbuilding\/#primaryimage","url":"https:\/\/www.benbuchele.de\/wp-content\/uploads\/2017\/08\/motoren-sondermaschinenbau.jpg","contentUrl":"https:\/\/www.benbuchele.de\/wp-content\/uploads\/2017\/08\/motoren-sondermaschinenbau.jpg"},{"@type":"BreadcrumbList","@id":"https:\/\/www.benbuchele.de\/en\/shipbuilding\/#breadcrumb","itemListElement":[{"@type":"ListItem","position":1,"name":"Startseite","item":"https:\/\/www.benbuchele.de\/en\/welcome-ben-buchele\/"},{"@type":"ListItem","position":2,"name":"Shipbuilding"}]},{"@type":"WebSite","@id":"https:\/\/www.benbuchele.de\/en\/#website","url":"https:\/\/www.benbuchele.de\/en\/","name":"BEN Buchele","description":"","publisher":{"@id":"https:\/\/www.benbuchele.de\/en\/#organization"},"potentialAction":[{"@type":"SearchAction","target":{"@type":"EntryPoint","urlTemplate":"https:\/\/www.benbuchele.de\/en\/?s={search_term_string}"},"query-input":{"@type":"PropertyValueSpecification","valueRequired":true,"valueName":"search_term_string"}}],"inLanguage":"en-US"},{"@type":"Organization","@id":"https:\/\/www.benbuchele.de\/en\/#organization","name":"BEN Buchele","url":"https:\/\/www.benbuchele.de\/en\/","logo":{"@type":"ImageObject","inLanguage":"en-US","@id":"https:\/\/www.benbuchele.de\/en\/#\/schema\/logo\/image\/","url":"https:\/\/www.benbuchele.de\/wp-content\/uploads\/2018\/06\/BEN-Logo-1.jpg","contentUrl":"https:\/\/www.benbuchele.de\/wp-content\/uploads\/2018\/06\/BEN-Logo-1.jpg","width":939,"height":415,"caption":"BEN Buchele"},"image":{"@id":"https:\/\/www.benbuchele.de\/en\/#\/schema\/logo\/image\/"},"sameAs":["https:\/\/www.facebook.com\/benbuchele\/","https:\/\/de.linkedin.com\/company\/ben-buchele-elektromotorenwerke-gmbh"]}]}},"_links":{"self":[{"href":"https:\/\/www.benbuchele.de\/en\/wp-json\/wp\/v2\/pages\/767","targetHints":{"allow":["GET"]}}],"collection":[{"href":"https:\/\/www.benbuchele.de\/en\/wp-json\/wp\/v2\/pages"}],"about":[{"href":"https:\/\/www.benbuchele.de\/en\/wp-json\/wp\/v2\/types\/page"}],"author":[{"embeddable":true,"href":"https:\/\/www.benbuchele.de\/en\/wp-json\/wp\/v2\/users\/1"}],"replies":[{"embeddable":true,"href":"https:\/\/www.benbuchele.de\/en\/wp-json\/wp\/v2\/comments?post=767"}],"version-history":[{"count":2,"href":"https:\/\/www.benbuchele.de\/en\/wp-json\/wp\/v2\/pages\/767\/revisions"}],"predecessor-version":[{"id":3505,"href":"https:\/\/www.benbuchele.de\/en\/wp-json\/wp\/v2\/pages\/767\/revisions\/3505"}],"wp:attachment":[{"href":"https:\/\/www.benbuchele.de\/en\/wp-json\/wp\/v2\/media?parent=767"}],"curies":[{"name":"wp","href":"https:\/\/api.w.org\/{rel}","templated":true}]}}